{"id":4012,"date":"2018-11-27T13:28:54","date_gmt":"2018-11-27T12:28:54","guid":{"rendered":"http:\/\/sublime-lavilla.it\/?page_id=4012"},"modified":"2019-07-29T13:17:15","modified_gmt":"2019-07-29T11:17:15","slug":"eventi","status":"publish","type":"page","link":"https:\/\/sublime-lavilla.it\/index.php\/eventi\/","title":{"rendered":"Eventi"},"content":{"rendered":"<div  class=\"parallax \" data-image=\"http:\/\/sublime-lavilla.it\/wp-content\/uploads\/2018\/11\/Allianz229.jpg\" data-width=\"2048\" data-height=\"1365\" data-content-height=\"60\" ><\/div>\n<div class=\"divider one\">&nbsp;<\/div>\n<div  class=\"one ppb_card_two_cols_with_image\" style=\"position:relative;padding:40px 0 40px 0;\" >\n<div class=\"standard_wrapper\">\n<div class=\"page_content_wrapper\">\n<div class=\"inner\">\n<div class=\"one_half parallax_scroll_image\" style=\"width:65%;\">\n<div class=\"image_classic_frame expand\">\n<div class=\"image_wrapper\"><a href=\"http:\/\/sublime-lavilla.it\/wp-content\/uploads\/2018\/11\/Allianz024.jpg\" class=\"img_frame\"><picture class=\"portfolio_img sp-no-webp\"><source srcset=\"http:\/\/sublime-lavilla.it\/wp-content\/uploads\/2018\/11\/Allianz024.webp\" type=\"image\/webp\"><source srcset=\"http:\/\/sublime-lavilla.it\/wp-content\/uploads\/2018\/11\/Allianz024.jpg\" type=\"image\/jpeg\"><img src=\"http:\/\/sublime-lavilla.it\/wp-content\/uploads\/2018\/11\/Allianz024.jpg\" class=\"portfolio_img sp-no-webp\" alt=\"\" srcset=\"http:\/\/sublime-lavilla.it\/wp-content\/uploads\/2018\/11\/Allianz024.jpg\"><\/picture><\/a><\/div>\n<\/div>\n<\/div>\n<div class=\"one_half last parallax_scroll\" style=\"width:40%;position:absolute;right:90px;padding:40px;background:#ffffff;\" data-stellar-ratio=\"1.3\">\n<h2 class=\"ppb_title\" ><span class=\"ppb_title_first\" >Eventi<\/span>Sublime La Villa<\/h2>\n<div class=\"page_header_sep left\" ><\/div>\n<p>Il prestigio dello storico  edificio  si unisce alla versatilit\u00e0 di una sede pensata per  eventi: la location, con le sue sale luminose, condizionate e modulari; il parcheggio interno; le 2 cucine, gli ingressi e i servizi indipendenti per ogni piano \u00e8 lo scenario ideale per ospitare Eventi Aziendali e Privati, Conferenze, Meeting, Incentive, Comunioni, Matrimoni e Serate di Gala. Grazie alla capacit\u00e0 ricettiva degli ambienti, interamente progettati dal prestigioso Studio Giammetta, uniti alla variet\u00e0 delle proposte culinarie e di intrattenimento si presta ad ospitare Eventi di ogni genere, con la possibilit\u00e0 di riservare dalla singola sala, con atmosfera intima ed accogliente, fino all\u2019intera struttura su 3 piani per  grandi Eventi ed occasioni davvero speciali.<\/p><\/div>\n<p><br class=\"clear\"\/><\/div>\n<\/div>\n<\/div>\n<\/div>\n<div class=\"divider one\">&nbsp;<\/div>\n<div  class=\"one\">\n<div id=\"1564399035224351929\" class=\"photo_wall_wrapper shortcode withmargin\">\n<div class=\"wall_entry withmargin\">\n<div class=\"wall_thumbnail\"><a class=\"fancy-gallery\" href=\"http:\/\/sublime-lavilla.it\/wp-content\/uploads\/2018\/11\/Allianz229.jpg\" title=\"\" ><picture class=\"sp-no-webp\"><source srcset=\"http:\/\/sublime-lavilla.it\/wp-content\/uploads\/2018\/11\/Allianz229-400x400.webp\" type=\"image\/webp\"><source srcset=\"http:\/\/sublime-lavilla.it\/wp-content\/uploads\/2018\/11\/Allianz229-400x400.jpg\" type=\"image\/jpeg\"><img src=\"http:\/\/sublime-lavilla.it\/wp-content\/uploads\/2018\/11\/Allianz229-400x400.jpg\" class=\"sp-no-webp\" alt=\"\" srcset=\"http:\/\/sublime-lavilla.it\/wp-content\/uploads\/2018\/11\/Allianz229-400x400.jpg\"><\/picture><\/a><\/div>\n<\/div>\n<div class=\"wall_entry withmargin\">\n<div class=\"wall_thumbnail\"><a class=\"fancy-gallery\" href=\"http:\/\/sublime-lavilla.it\/wp-content\/uploads\/2018\/11\/DSC_4372.jpg\" title=\"\" ><picture class=\"sp-no-webp\"><source srcset=\"http:\/\/sublime-lavilla.it\/wp-content\/uploads\/2018\/11\/DSC_4372-400x400.webp\" type=\"image\/webp\"><source srcset=\"http:\/\/sublime-lavilla.it\/wp-content\/uploads\/2018\/11\/DSC_4372-400x400.jpg\" type=\"image\/jpeg\"><img src=\"http:\/\/sublime-lavilla.it\/wp-content\/uploads\/2018\/11\/DSC_4372-400x400.jpg\" class=\"sp-no-webp\" alt=\"\" srcset=\"http:\/\/sublime-lavilla.it\/wp-content\/uploads\/2018\/11\/DSC_4372-400x400.jpg\"><\/picture><\/a><\/div>\n<\/div>\n<div class=\"wall_entry withmargin\">\n<div class=\"wall_thumbnail\"><a class=\"fancy-gallery\" href=\"http:\/\/sublime-lavilla.it\/wp-content\/uploads\/2018\/11\/DSC_4424.jpg\" title=\"\" ><picture class=\"sp-no-webp\"><source srcset=\"http:\/\/sublime-lavilla.it\/wp-content\/uploads\/2018\/11\/DSC_4424-400x400.webp\" type=\"image\/webp\"><source srcset=\"http:\/\/sublime-lavilla.it\/wp-content\/uploads\/2018\/11\/DSC_4424-400x400.jpg\" type=\"image\/jpeg\"><img src=\"http:\/\/sublime-lavilla.it\/wp-content\/uploads\/2018\/11\/DSC_4424-400x400.jpg\" class=\"sp-no-webp\" alt=\"\" srcset=\"http:\/\/sublime-lavilla.it\/wp-content\/uploads\/2018\/11\/DSC_4424-400x400.jpg\"><\/picture><\/a><\/div>\n<\/div>\n<div class=\"wall_entry withmargin\">\n<div class=\"wall_thumbnail\"><a class=\"fancy-gallery\" href=\"http:\/\/sublime-lavilla.it\/wp-content\/uploads\/2018\/11\/DSC_4306.jpg\" title=\"\" ><picture class=\"sp-no-webp\"><source srcset=\"http:\/\/sublime-lavilla.it\/wp-content\/uploads\/2018\/11\/DSC_4306-400x400.webp\" type=\"image\/webp\"><source srcset=\"http:\/\/sublime-lavilla.it\/wp-content\/uploads\/2018\/11\/DSC_4306-400x400.jpg\" type=\"image\/jpeg\"><img src=\"http:\/\/sublime-lavilla.it\/wp-content\/uploads\/2018\/11\/DSC_4306-400x400.jpg\" class=\"sp-no-webp\" alt=\"\" srcset=\"http:\/\/sublime-lavilla.it\/wp-content\/uploads\/2018\/11\/DSC_4306-400x400.jpg\"><\/picture><\/a><\/div>\n<\/div>\n<div class=\"wall_entry withmargin\">\n<div class=\"wall_thumbnail\"><a class=\"fancy-gallery\" href=\"http:\/\/sublime-lavilla.it\/wp-content\/uploads\/2018\/11\/DSC_8378.jpg\" title=\"\" ><picture class=\"sp-no-webp\"><source srcset=\"http:\/\/sublime-lavilla.it\/wp-content\/uploads\/2018\/11\/DSC_8378-400x400.webp\" type=\"image\/webp\"><source srcset=\"http:\/\/sublime-lavilla.it\/wp-content\/uploads\/2018\/11\/DSC_8378-400x400.jpg\" type=\"image\/jpeg\"><img src=\"http:\/\/sublime-lavilla.it\/wp-content\/uploads\/2018\/11\/DSC_8378-400x400.jpg\" class=\"sp-no-webp\" alt=\"\" srcset=\"http:\/\/sublime-lavilla.it\/wp-content\/uploads\/2018\/11\/DSC_8378-400x400.jpg\"><\/picture><\/a><\/div>\n<\/div>\n<div class=\"wall_entry withmargin\">\n<div class=\"wall_thumbnail\"><a class=\"fancy-gallery\" href=\"http:\/\/sublime-lavilla.it\/wp-content\/uploads\/2018\/11\/DSC_9825.jpg\" title=\"\" ><picture class=\"sp-no-webp\"><source srcset=\"http:\/\/sublime-lavilla.it\/wp-content\/uploads\/2018\/11\/DSC_9825-400x400.webp\" type=\"image\/webp\"><source srcset=\"http:\/\/sublime-lavilla.it\/wp-content\/uploads\/2018\/11\/DSC_9825-400x400.jpg\" type=\"image\/jpeg\"><img src=\"http:\/\/sublime-lavilla.it\/wp-content\/uploads\/2018\/11\/DSC_9825-400x400.jpg\" class=\"sp-no-webp\" alt=\"\" srcset=\"http:\/\/sublime-lavilla.it\/wp-content\/uploads\/2018\/11\/DSC_9825-400x400.jpg\"><\/picture><\/a><\/div>\n<\/div>\n<div class=\"wall_entry withmargin\">\n<div class=\"wall_thumbnail\"><a class=\"fancy-gallery\" href=\"http:\/\/sublime-lavilla.it\/wp-content\/uploads\/2018\/11\/JPG7843.jpg\" title=\"\" ><picture class=\"sp-no-webp\"><source srcset=\"http:\/\/sublime-lavilla.it\/wp-content\/uploads\/2018\/11\/JPG7843-400x400.webp\" type=\"image\/webp\"><source srcset=\"http:\/\/sublime-lavilla.it\/wp-content\/uploads\/2018\/11\/JPG7843-400x400.jpg\" type=\"image\/jpeg\"><img src=\"http:\/\/sublime-lavilla.it\/wp-content\/uploads\/2018\/11\/JPG7843-400x400.jpg\" class=\"sp-no-webp\" alt=\"\" srcset=\"http:\/\/sublime-lavilla.it\/wp-content\/uploads\/2018\/11\/JPG7843-400x400.jpg\"><\/picture><\/a><\/div>\n<\/div>\n<div class=\"wall_entry withmargin\">\n<div class=\"wall_thumbnail\"><a class=\"fancy-gallery\" href=\"http:\/\/sublime-lavilla.it\/wp-content\/uploads\/2018\/11\/JPG7827.jpg\" title=\"\" ><picture class=\"sp-no-webp\"><source srcset=\"http:\/\/sublime-lavilla.it\/wp-content\/uploads\/2018\/11\/JPG7827-400x400.webp\" type=\"image\/webp\"><source srcset=\"http:\/\/sublime-lavilla.it\/wp-content\/uploads\/2018\/11\/JPG7827-400x400.jpg\" type=\"image\/jpeg\"><img src=\"http:\/\/sublime-lavilla.it\/wp-content\/uploads\/2018\/11\/JPG7827-400x400.jpg\" class=\"sp-no-webp\" alt=\"\" srcset=\"http:\/\/sublime-lavilla.it\/wp-content\/uploads\/2018\/11\/JPG7827-400x400.jpg\"><\/picture><\/a><\/div>\n<\/div>\n<div class=\"wall_entry withmargin\">\n<div class=\"wall_thumbnail\"><a class=\"fancy-gallery\" href=\"http:\/\/sublime-lavilla.it\/wp-content\/uploads\/2018\/11\/JPG7920.jpg\" title=\"\" ><picture class=\"sp-no-webp\"><source srcset=\"http:\/\/sublime-lavilla.it\/wp-content\/uploads\/2018\/11\/JPG7920-400x400.webp\" type=\"image\/webp\"><source srcset=\"http:\/\/sublime-lavilla.it\/wp-content\/uploads\/2018\/11\/JPG7920-400x400.jpg\" type=\"image\/jpeg\"><img src=\"http:\/\/sublime-lavilla.it\/wp-content\/uploads\/2018\/11\/JPG7920-400x400.jpg\" class=\"sp-no-webp\" alt=\"\" srcset=\"http:\/\/sublime-lavilla.it\/wp-content\/uploads\/2018\/11\/JPG7920-400x400.jpg\"><\/picture><\/a><\/div>\n<\/div>\n<div class=\"wall_entry withmargin\">\n<div class=\"wall_thumbnail\"><a class=\"fancy-gallery\" href=\"http:\/\/sublime-lavilla.it\/wp-content\/uploads\/2018\/11\/JPG6913.jpg\" title=\"\" ><picture class=\"sp-no-webp\"><source srcset=\"http:\/\/sublime-lavilla.it\/wp-content\/uploads\/2018\/11\/JPG6913-400x400.webp\" type=\"image\/webp\"><source srcset=\"http:\/\/sublime-lavilla.it\/wp-content\/uploads\/2018\/11\/JPG6913-400x400.jpg\" type=\"image\/jpeg\"><img src=\"http:\/\/sublime-lavilla.it\/wp-content\/uploads\/2018\/11\/JPG6913-400x400.jpg\" class=\"sp-no-webp\" alt=\"\" srcset=\"http:\/\/sublime-lavilla.it\/wp-content\/uploads\/2018\/11\/JPG6913-400x400.jpg\"><\/picture><\/a><\/div>\n<\/div>\n<div class=\"wall_entry withmargin\">\n<div class=\"wall_thumbnail\"><a class=\"fancy-gallery\" href=\"http:\/\/sublime-lavilla.it\/wp-content\/uploads\/2018\/11\/IMG_4699.jpg\" title=\"\" ><picture class=\"sp-no-webp\"><source srcset=\"http:\/\/sublime-lavilla.it\/wp-content\/uploads\/2018\/11\/IMG_4699-400x400.webp\" type=\"image\/webp\"><source srcset=\"http:\/\/sublime-lavilla.it\/wp-content\/uploads\/2018\/11\/IMG_4699-400x400.jpg\" type=\"image\/jpeg\"><img src=\"http:\/\/sublime-lavilla.it\/wp-content\/uploads\/2018\/11\/IMG_4699-400x400.jpg\" class=\"sp-no-webp\" alt=\"\" srcset=\"http:\/\/sublime-lavilla.it\/wp-content\/uploads\/2018\/11\/IMG_4699-400x400.jpg\"><\/picture><\/a><\/div>\n<\/div>\n<div class=\"wall_entry withmargin\">\n<div class=\"wall_thumbnail\"><a class=\"fancy-gallery\" href=\"http:\/\/sublime-lavilla.it\/wp-content\/uploads\/2018\/11\/JPG7004.jpg\" title=\"\" ><picture class=\"sp-no-webp\"><source srcset=\"http:\/\/sublime-lavilla.it\/wp-content\/uploads\/2018\/11\/JPG7004-400x400.webp\" type=\"image\/webp\"><source srcset=\"http:\/\/sublime-lavilla.it\/wp-content\/uploads\/2018\/11\/JPG7004-400x400.jpg\" type=\"image\/jpeg\"><img src=\"http:\/\/sublime-lavilla.it\/wp-content\/uploads\/2018\/11\/JPG7004-400x400.jpg\" class=\"sp-no-webp\" alt=\"\" srcset=\"http:\/\/sublime-lavilla.it\/wp-content\/uploads\/2018\/11\/JPG7004-400x400.jpg\"><\/picture><\/a><\/div>\n<\/div>\n<\/div>\n<\/div>\n<div  class=\"one\" style=\"padding:0px 0 0px 0;\" >\n<div class=\"page_content_wrapper withbg\"><\/div>\n<\/div>\n","protected":false},"excerpt":{"rendered":"<p>&nbsp; EventiSublime La Villa Il prestigio dello storico edificio si unisce alla versatilit\u00e0 di una sede pensata per eventi: la location, con le sue sale luminose, condizionate e modulari; il parcheggio interno; le 2 cucine, gli ingressi e i servizi [&hellip;]<\/p>\n","protected":false},"author":1,"featured_media":0,"parent":0,"menu_order":0,"comment_status":"closed","ping_status":"closed","template":"","meta":[],"_links":{"self":[{"href":"https:\/\/sublime-lavilla.it\/index.php\/wp-json\/wp\/v2\/pages\/4012"}],"collection":[{"href":"https:\/\/sublime-lavilla.it\/index.php\/wp-json\/wp\/v2\/pages"}],"about":[{"href":"https:\/\/sublime-lavilla.it\/index.php\/wp-json\/wp\/v2\/types\/page"}],"author":[{"embeddable":true,"href":"https:\/\/sublime-lavilla.it\/index.php\/wp-json\/wp\/v2\/users\/1"}],"replies":[{"embeddable":true,"href":"https:\/\/sublime-lavilla.it\/index.php\/wp-json\/wp\/v2\/comments?post=4012"}],"version-history":[{"count":9,"href":"https:\/\/sublime-lavilla.it\/index.php\/wp-json\/wp\/v2\/pages\/4012\/revisions"}],"predecessor-version":[{"id":4476,"href":"https:\/\/sublime-lavilla.it\/index.php\/wp-json\/wp\/v2\/pages\/4012\/revisions\/4476"}],"wp:attachment":[{"href":"https:\/\/sublime-lavilla.it\/index.php\/wp-json\/wp\/v2\/media?parent=4012"}],"curies":[{"name":"wp","href":"https:\/\/api.w.org\/{rel}","templated":true}]}}