{"id":4082,"date":"2019-11-24T15:37:30","date_gmt":"2019-11-24T14:37:30","guid":{"rendered":"http:\/\/sublime-lavilla.it\/?page_id=4082"},"modified":"2020-11-13T19:42:27","modified_gmt":"2020-11-13T18:42:27","slug":"the-garden-brunch","status":"publish","type":"page","link":"https:\/\/sublime-lavilla.it\/index.php\/the-garden-brunch\/","title":{"rendered":"The Garden Brunch"},"content":{"rendered":"<div  class=\"parallax \" data-image=\"https:\/\/sublime-lavilla.it\/wp-content\/uploads\/2019\/12\/BRUNCH-sublime-sala.jpg\" data-width=\"1200\" data-height=\"800\" data-content-height=\"75\" ><\/div>\n<div  class=\"one ppb_card_two_cols_with_image\" style=\"position:relative;padding:40px 0 40px 0;\" >\n<div class=\"standard_wrapper\">\n<div class=\"page_content_wrapper\">\n<div class=\"inner\">\n<div class=\"one_half parallax_scroll\" style=\"width:40%;position:absolute;left:90px;padding:40px;z-index:2;block !important;background:#ffffff;\" data-stellar-ratio=\"1.3\">\n<h2 class=\"ppb_title\" ><span class=\"ppb_title_first\" >The<\/span>Garden Brunch<\/h2>\n<div class=\"page_header_sep left\" ><\/div>\n<p>Sublime &#8211; La villa, un brunch fatto su \u201cmisura\u201d.<br \/>\nLa misura \u00e8 quella che ci hanno indicato tutti i nostri amici, ai quali abbiamo dedicato l\u2019apertura domenicale.<br \/>\nNon potevamo tirarci indietro\u2026Da oltre 2 anni allietiamo le Vostre serate con il nostro ristorante con spettacolo. Adesso abbiamo capito perch\u00e9 ci avete spinto ad aprire di giorno: il nostro giardino d\u2019inverno \u00e8 il luogo ideale per un brunch. In particolare i nostri spazi, all\u2019interno ed all\u2019esterno sono troppo invitanti per Voi ed i Vostri bambini. Cos\u00ec come la nostra proposta eno-gastronomica varia, che utilizza prodotti stagionali. Inoltre c\u2019\u00e8 il parcheggio interno, una comodit\u00e0 cui \u00e8 difficile rinunciare, la domenica.<br \/>\nThe Garden, il Brunch di Sublime La Villa, nasce per mettere Voi ed i Vostri bambini al centro del progetto: esprimete un desiderio, Siamo qui per esaudirlo!<\/div>\n<div class=\"one_half parallax_scroll_image last\" style=\"width:80%;\">\n<div class=\"image_classic_frame expand\">\n<div class=\"image_wrapper\"><a href=\"https:\/\/sublime-lavilla.it\/wp-content\/uploads\/2019\/12\/BRUNCH-sublime-location.jpg\" class=\"img_frame\"><picture class=\"portfolio_img sp-no-webp\"><source srcset=\"https:\/\/sublime-lavilla.it\/wp-content\/uploads\/2019\/12\/BRUNCH-sublime-location.webp\" type=\"image\/webp\"><source srcset=\"https:\/\/sublime-lavilla.it\/wp-content\/uploads\/2019\/12\/BRUNCH-sublime-location.jpg\" type=\"image\/jpeg\"><img src=\"https:\/\/sublime-lavilla.it\/wp-content\/uploads\/2019\/12\/BRUNCH-sublime-location.jpg\" class=\"portfolio_img sp-no-webp\" alt=\"\" srcset=\"https:\/\/sublime-lavilla.it\/wp-content\/uploads\/2019\/12\/BRUNCH-sublime-location.jpg\"><\/picture><\/a><\/div>\n<\/div>\n<\/div>\n<p><br class=\"clear\"\/><\/div>\n<\/div>\n<\/div>\n<\/div>\n<div  class=\"one ppb_card_two_cols_with_image\" style=\"position:relative;padding:40px 0 40px 0;\" >\n<div class=\"standard_wrapper\">\n<div class=\"page_content_wrapper\">\n<div class=\"inner\">\n<div class=\"one_half parallax_scroll\" style=\"width:40%;position:absolute;left:90px;padding:40px;z-index:2;block !important;background:#ffffff;\" data-stellar-ratio=\"1.3\">\n<h2 class=\"ppb_title\" ><span class=\"ppb_title_first\" >Il<\/span>nostro Buffet<\/h2>\n<div class=\"page_header_sep left\" ><\/div>\n<p>Un ricco menu buffet che spazia dagli antipasti, primi secondi e dolci tenendo cura di ci\u00f2 che piace ad ogni componente della famiglia , dai pi\u00f9 grandi ai pi\u00f9 piccoli<\/p><\/div>\n<div class=\"one_half parallax_scroll_image last\" style=\"width:65%;\">\n<div class=\"image_classic_frame expand\">\n<div class=\"image_wrapper\"><a href=\"https:\/\/sublime-lavilla.it\/wp-content\/uploads\/2019\/12\/BRUNCH-sublime-buffet.jpg\" class=\"img_frame\"><picture class=\"portfolio_img sp-no-webp\"><source srcset=\"https:\/\/sublime-lavilla.it\/wp-content\/uploads\/2019\/12\/BRUNCH-sublime-buffet.webp\" type=\"image\/webp\"><source srcset=\"https:\/\/sublime-lavilla.it\/wp-content\/uploads\/2019\/12\/BRUNCH-sublime-buffet.jpg\" type=\"image\/jpeg\"><img src=\"https:\/\/sublime-lavilla.it\/wp-content\/uploads\/2019\/12\/BRUNCH-sublime-buffet.jpg\" class=\"portfolio_img sp-no-webp\" alt=\"\" srcset=\"https:\/\/sublime-lavilla.it\/wp-content\/uploads\/2019\/12\/BRUNCH-sublime-buffet.jpg\"><\/picture><\/a><\/div>\n<\/div>\n<\/div>\n<p><br class=\"clear\"\/><\/div>\n<\/div>\n<\/div>\n<\/div>\n<div class=\"standard_wrapper\">\n<div  class=\"one\" style=\"padding:30px 0 30px 0;\" >\n<div class=\"page_content_wrapper\">\n<div class=\"inner\">\n<div class=\"one_half\">\n<div class=\"image_classic_frame expand animate\">\n<div class=\"image_wrapper\"><a href=\"https:\/\/sublime-lavilla.it\/wp-content\/uploads\/2019\/12\/BRUNCH-sublime-parmigiana.jpg\" class=\"img_frame\"><picture class=\"portfolio_img sp-no-webp\"><source srcset=\"https:\/\/sublime-lavilla.it\/wp-content\/uploads\/2019\/12\/BRUNCH-sublime-parmigiana.webp\" type=\"image\/webp\"><source srcset=\"https:\/\/sublime-lavilla.it\/wp-content\/uploads\/2019\/12\/BRUNCH-sublime-parmigiana.jpg\" type=\"image\/jpeg\"><img src=\"https:\/\/sublime-lavilla.it\/wp-content\/uploads\/2019\/12\/BRUNCH-sublime-parmigiana.jpg\" class=\"portfolio_img sp-no-webp\" alt=\"\" srcset=\"https:\/\/sublime-lavilla.it\/wp-content\/uploads\/2019\/12\/BRUNCH-sublime-parmigiana.jpg\"><\/picture><\/a><\/div>\n<\/div>\n<\/div>\n<div class=\"one_half last\">\n<div class=\"image_classic_frame expand animate\">\n<div class=\"image_wrapper\"><a href=\"http:\/\/sublime-lavilla.it\/wp-content\/uploads\/2019\/12\/BRUNCH-sublime-pesce.jpg\" class=\"img_frame\"><picture class=\"portfolio_img sp-no-webp\"><source srcset=\"http:\/\/sublime-lavilla.it\/wp-content\/uploads\/2019\/12\/BRUNCH-sublime-pesce.webp\" type=\"image\/webp\"><source srcset=\"http:\/\/sublime-lavilla.it\/wp-content\/uploads\/2019\/12\/BRUNCH-sublime-pesce.jpg\" type=\"image\/jpeg\"><img src=\"http:\/\/sublime-lavilla.it\/wp-content\/uploads\/2019\/12\/BRUNCH-sublime-pesce.jpg\" class=\"portfolio_img sp-no-webp\" alt=\"\" srcset=\"http:\/\/sublime-lavilla.it\/wp-content\/uploads\/2019\/12\/BRUNCH-sublime-pesce.jpg\"><\/picture><\/a><\/div>\n<\/div>\n<\/div>\n<p><br class=\"clear\"\/><\/p>\n<div class=\"one_half\">\n<div class=\"image_classic_frame expand animate\">\n<div class=\"image_wrapper\"><a href=\"http:\/\/sublime-lavilla.it\/wp-content\/uploads\/2019\/12\/BRUNCH-sublime-dolci.jpg\" class=\"img_frame\"><picture class=\"portfolio_img sp-no-webp\"><source srcset=\"http:\/\/sublime-lavilla.it\/wp-content\/uploads\/2019\/12\/BRUNCH-sublime-dolci.webp\" type=\"image\/webp\"><source srcset=\"http:\/\/sublime-lavilla.it\/wp-content\/uploads\/2019\/12\/BRUNCH-sublime-dolci.jpg\" type=\"image\/jpeg\"><img src=\"http:\/\/sublime-lavilla.it\/wp-content\/uploads\/2019\/12\/BRUNCH-sublime-dolci.jpg\" class=\"portfolio_img sp-no-webp\" alt=\"\" srcset=\"http:\/\/sublime-lavilla.it\/wp-content\/uploads\/2019\/12\/BRUNCH-sublime-dolci.jpg\"><\/picture><\/a><\/div>\n<\/div>\n<\/div>\n<div class=\"one_half last animate\">\n<div class=\"image_classic_frame expand\">\n<div class=\"image_wrapper\"><a href=\"http:\/\/sublime-lavilla.it\/wp-content\/uploads\/2019\/12\/BRUNCH-frutta.jpg\" class=\"img_frame\"><picture class=\"portfolio_img sp-no-webp\"><source srcset=\"http:\/\/sublime-lavilla.it\/wp-content\/uploads\/2019\/12\/BRUNCH-frutta.webp\" type=\"image\/webp\"><source srcset=\"http:\/\/sublime-lavilla.it\/wp-content\/uploads\/2019\/12\/BRUNCH-frutta.jpg\" type=\"image\/jpeg\"><img src=\"http:\/\/sublime-lavilla.it\/wp-content\/uploads\/2019\/12\/BRUNCH-frutta.jpg\" class=\"portfolio_img sp-no-webp\" alt=\"\" srcset=\"http:\/\/sublime-lavilla.it\/wp-content\/uploads\/2019\/12\/BRUNCH-frutta.jpg\"><\/picture><\/a><\/div>\n<\/div>\n<\/div>\n<\/div>\n<\/div>\n<\/div>\n<\/div>\n<\/div>\n<div  class=\"one ppb_card_two_cols_with_image\" style=\"position:relative;padding:40px 0 40px 0;\" >\n<div class=\"standard_wrapper\">\n<div class=\"page_content_wrapper\">\n<div class=\"inner\">\n<div class=\"one_half parallax_scroll\" style=\"width:40%;position:absolute;left:90px;padding:40px;z-index:2;block !important;background:#ffffff;\" data-stellar-ratio=\"1.3\">\n<h2 class=\"ppb_title\" ><span class=\"ppb_title_first\" >Attenzione<\/span>verso i piu piccoli <\/h2>\n<div class=\"page_header_sep left\" ><\/div>\n<p>Una spazio dedicato al divertimento dei vostri bambini con giochi ed intrattenimenti con cui le nostre animatrici stuzzicheranno la loro creativit\u00e0<\/p><\/div>\n<div class=\"one_half parallax_scroll_image last\" style=\"width:65%;\">\n<div class=\"image_classic_frame expand\">\n<div class=\"image_wrapper\"><a href=\"https:\/\/sublime-lavilla.it\/wp-content\/uploads\/2019\/12\/BRUNCH-spazio-giochi.jpg\" class=\"img_frame\"><picture class=\"portfolio_img sp-no-webp\"><source srcset=\"https:\/\/sublime-lavilla.it\/wp-content\/uploads\/2019\/12\/BRUNCH-spazio-giochi.webp\" type=\"image\/webp\"><source srcset=\"https:\/\/sublime-lavilla.it\/wp-content\/uploads\/2019\/12\/BRUNCH-spazio-giochi.jpg\" type=\"image\/jpeg\"><img src=\"https:\/\/sublime-lavilla.it\/wp-content\/uploads\/2019\/12\/BRUNCH-spazio-giochi.jpg\" class=\"portfolio_img sp-no-webp\" alt=\"\" srcset=\"https:\/\/sublime-lavilla.it\/wp-content\/uploads\/2019\/12\/BRUNCH-spazio-giochi.jpg\"><\/picture><\/a><\/div>\n<\/div>\n<\/div>\n<p><br class=\"clear\"\/><\/div>\n<\/div>\n<\/div>\n<\/div>\n<div class=\"standard_wrapper\">\n<div  class=\"one\" style=\"padding:30px 0 30px 0;\" >\n<div class=\"page_content_wrapper\">\n<div class=\"inner\">\n<div class=\"one_half\">\n<div class=\"image_classic_frame expand animate\">\n<div class=\"image_wrapper\"><a href=\"https:\/\/sublime-lavilla.it\/wp-content\/uploads\/2019\/12\/BRUNCH-disegno-bambini.jpg\" class=\"img_frame\"><picture class=\"portfolio_img sp-no-webp\"><source srcset=\"https:\/\/sublime-lavilla.it\/wp-content\/uploads\/2019\/12\/BRUNCH-disegno-bambini.webp\" type=\"image\/webp\"><source srcset=\"https:\/\/sublime-lavilla.it\/wp-content\/uploads\/2019\/12\/BRUNCH-disegno-bambini.jpg\" type=\"image\/jpeg\"><img src=\"https:\/\/sublime-lavilla.it\/wp-content\/uploads\/2019\/12\/BRUNCH-disegno-bambini.jpg\" class=\"portfolio_img sp-no-webp\" alt=\"\" srcset=\"https:\/\/sublime-lavilla.it\/wp-content\/uploads\/2019\/12\/BRUNCH-disegno-bambini.jpg\"><\/picture><\/a><\/div>\n<\/div>\n<\/div>\n<div class=\"one_half last\">\n<div class=\"image_classic_frame expand animate\">\n<div class=\"image_wrapper\"><a href=\"http:\/\/sublime-lavilla.it\/wp-content\/uploads\/2019\/12\/BRUNCH-food-bambini.jpg\" class=\"img_frame\"><picture class=\"portfolio_img sp-no-webp\"><source srcset=\"http:\/\/sublime-lavilla.it\/wp-content\/uploads\/2019\/12\/BRUNCH-food-bambini.webp\" type=\"image\/webp\"><source srcset=\"http:\/\/sublime-lavilla.it\/wp-content\/uploads\/2019\/12\/BRUNCH-food-bambini.jpg\" type=\"image\/jpeg\"><img src=\"http:\/\/sublime-lavilla.it\/wp-content\/uploads\/2019\/12\/BRUNCH-food-bambini.jpg\" class=\"portfolio_img sp-no-webp\" alt=\"\" srcset=\"http:\/\/sublime-lavilla.it\/wp-content\/uploads\/2019\/12\/BRUNCH-food-bambini.jpg\"><\/picture><\/a><\/div>\n<\/div>\n<\/div>\n<p><br class=\"clear\"\/><\/p>\n<div class=\"one_half\">\n<div class=\"image_classic_frame expand animate\">\n<div class=\"image_wrapper\"><a href=\"http:\/\/sublime-lavilla.it\/wp-content\/uploads\/2019\/12\/BRUNCH-spazio-bambini-1.jpg\" class=\"img_frame\"><picture class=\"portfolio_img sp-no-webp\"><source srcset=\"http:\/\/sublime-lavilla.it\/wp-content\/uploads\/2019\/12\/BRUNCH-spazio-bambini-1.webp\" type=\"image\/webp\"><source srcset=\"http:\/\/sublime-lavilla.it\/wp-content\/uploads\/2019\/12\/BRUNCH-spazio-bambini-1.jpg\" type=\"image\/jpeg\"><img src=\"http:\/\/sublime-lavilla.it\/wp-content\/uploads\/2019\/12\/BRUNCH-spazio-bambini-1.jpg\" class=\"portfolio_img sp-no-webp\" alt=\"\" srcset=\"http:\/\/sublime-lavilla.it\/wp-content\/uploads\/2019\/12\/BRUNCH-spazio-bambini-1.jpg\"><\/picture><\/a><\/div>\n<\/div>\n<\/div>\n<div class=\"one_half last animate\">\n<div class=\"image_classic_frame expand\">\n<div class=\"image_wrapper\"><a href=\"http:\/\/sublime-lavilla.it\/wp-content\/uploads\/2019\/12\/BRUNCH-bambini.jpg\" class=\"img_frame\"><picture class=\"portfolio_img sp-no-webp\"><source srcset=\"http:\/\/sublime-lavilla.it\/wp-content\/uploads\/2019\/12\/BRUNCH-bambini.webp\" type=\"image\/webp\"><source srcset=\"http:\/\/sublime-lavilla.it\/wp-content\/uploads\/2019\/12\/BRUNCH-bambini.jpg\" type=\"image\/jpeg\"><img src=\"http:\/\/sublime-lavilla.it\/wp-content\/uploads\/2019\/12\/BRUNCH-bambini.jpg\" class=\"portfolio_img sp-no-webp\" alt=\"\" srcset=\"http:\/\/sublime-lavilla.it\/wp-content\/uploads\/2019\/12\/BRUNCH-bambini.jpg\"><\/picture><\/a><\/div>\n<\/div>\n<\/div>\n<\/div>\n<\/div>\n<\/div>\n<\/div>\n<\/div>\n<div class=\"standard_wrapper\">\n<div  class=\"one withsmallpadding\" style=\"padding:30px 0 30px 0;\" >\n<div class=\"page_content_wrapper\">\n<div class=\"inner\">\n<div class=\"inner_wrapper\">\n<div class=\"sidebar_content full_width nopadding\">\n<div class=\"sidebar_content left_sidebar page_content\">\n<h2 class=\"ppb_title\">Contattaci<\/h2>\n<div class=\"page_header_sep left\"><\/div>\n<div id=\"reponse_msg_16052929471486703351\" class=\"contact_form_response\">\n<ul><\/ul>\n<\/div>\n<form id=\"contact_form_16052929471486703351\" class=\"contact_form_wrapper\" method=\"post\" action=\"\/wp-admin\/admin-ajax.php\"><input type=\"hidden\" id=\"action\" name=\"action\" value=\"pp_contact_mailer\"\/><label for=\"your_name\">Name *<\/label><br \/>\n    \t\t\t\t<input id=\"your_name\" name=\"your_name\" type=\"text\" class=\"required_field\" placeholder=\"Name *\"\/><br \/>\n    \t\t\t\t<label for=\"email\">Email *<\/label><br \/>\n    \t\t\t\t<input id=\"email\" name=\"email\" type=\"text\" class=\"required_field email\" placeholder=\"Email *\"\/><br \/>\n    \t\t\t\t<label for=\"phone\">Phone<\/label><br \/>\n    \t\t\t\t<input id=\"phone\" name=\"phone\" type=\"text\" placeholder=\"Phone\"\/><br \/>\n    \t\t\t\t<label for=\"message\">Message *<\/label><br \/>\n    \t\t\t\t<textarea id=\"message\" name=\"message\" rows=\"7\" cols=\"10\" class=\"required_field\" style=\"width:95.5%;\" placeholder=\"Message *\"><\/textarea><\/p>\n<p><input id=\"gdpr\" name=\"gdpr\" type=\"checkbox\" class=\"required_field gdpr\" value=\"\"\/><br \/>\n\t    <label for=\"gdpr\" class=\"gdpr_label\">I consent to Sublime La villa collecting my details through this form.<\/label><\/p>\n<div class=\"contact_submit_wrapper\">\n    \t<input id=\"contact_submit_btn16052929471486703351\" name=\"contact_submit_btn16052929471486703351\" type=\"submit\" class=\"solidbg\" value=\"Send\"\/>\n    <\/div>\n<\/form>\n<\/div>\n<div class=\"sidebar_wrapper left_sidebar\">\n<div class=\"sidebar\">\n<div class=\"content\">\n<ul class=\"sidebar_widget\"><\/ul>\n<\/div>\n<\/div>\n<\/div>\n<\/div>\n<\/div>\n<\/div>\n<\/div>\n<\/div>\n<\/div>\n","protected":false},"excerpt":{"rendered":"<p>TheGarden Brunch Sublime &#8211; La villa, un brunch fatto su \u201cmisura\u201d. La misura \u00e8 quella che ci hanno indicato tutti i nostri amici, ai quali abbiamo dedicato l\u2019apertura domenicale. Non potevamo tirarci indietro\u2026Da oltre 2 anni allietiamo le Vostre serate [&hellip;]<\/p>\n","protected":false},"author":1,"featured_media":0,"parent":0,"menu_order":0,"comment_status":"closed","ping_status":"closed","template":"","meta":[],"_links":{"self":[{"href":"https:\/\/sublime-lavilla.it\/index.php\/wp-json\/wp\/v2\/pages\/4082"}],"collection":[{"href":"https:\/\/sublime-lavilla.it\/index.php\/wp-json\/wp\/v2\/pages"}],"about":[{"href":"https:\/\/sublime-lavilla.it\/index.php\/wp-json\/wp\/v2\/types\/page"}],"author":[{"embeddable":true,"href":"https:\/\/sublime-lavilla.it\/index.php\/wp-json\/wp\/v2\/users\/1"}],"replies":[{"embeddable":true,"href":"https:\/\/sublime-lavilla.it\/index.php\/wp-json\/wp\/v2\/comments?post=4082"}],"version-history":[{"count":69,"href":"https:\/\/sublime-lavilla.it\/index.php\/wp-json\/wp\/v2\/pages\/4082\/revisions"}],"predecessor-version":[{"id":4983,"href":"https:\/\/sublime-lavilla.it\/index.php\/wp-json\/wp\/v2\/pages\/4082\/revisions\/4983"}],"wp:attachment":[{"href":"https:\/\/sublime-lavilla.it\/index.php\/wp-json\/wp\/v2\/media?parent=4082"}],"curies":[{"name":"wp","href":"https:\/\/api.w.org\/{rel}","templated":true}]}}