{"id":4316,"date":"2019-07-18T15:39:52","date_gmt":"2019-07-18T13:39:52","guid":{"rendered":"http:\/\/sublime-lavilla.it\/?page_id=4316"},"modified":"2021-06-19T15:18:01","modified_gmt":"2021-06-19T13:18:01","slug":"eventiaziendali","status":"publish","type":"page","link":"https:\/\/sublime-lavilla.it\/index.php\/eventiaziendali\/","title":{"rendered":"Eventi Aziendali"},"content":{"rendered":"<div  class=\"one ppb_card_two_cols_with_image\" style=\"position:relative;padding:0px 0 0px 0;\" >\n<div class=\"standard_wrapper\">\n<div class=\"page_content_wrapper\">\n<div class=\"inner\">\n<div class=\"one_half parallax_scroll\" style=\"width:50%;position:absolute;left:90px;padding:0px;z-index:2;block !important;background:#fff;\" data-stellar-ratio=\"1.3\">\n<h2 class=\"ppb_title\" ><span class=\"ppb_title_first\" >Eventi<\/span>Aziendali<\/h2>\n<div class=\"page_header_sep left\" ><\/div>\n<p>La nostra esperienza nell\u2019organizzazione di eventi aziendali, parte da una cena per poche persone per arrivare all\u2019evento con 1500 invitati: la flessibilit\u00e0 della nostra location \u00e8 una delle caratteristiche che ha determinato il nostro successo. Oggi, Sublime-La Villa \u00e8 prima uno spazio per eventi aziendali e poi tutto il resto! I nostri uffici commerciali sono aperti tutti i giorni dal Luned\u00ec al Venerd\u00ec dalle 10 alle 19. Raccontaci qual \u00e8 lo scopo dell\u2019evento e a quale pubblico \u00e8 indirizzato, il nostro esperto ti consiglier\u00e0 la soluzione adatta, basandosi sulla esperienza che abbiamo maturato. Il nostro \u201cportfolio\u201d di clienti, molto diversi gli uni dagli altri, <a href=\"https:\/\/www.netflix.com\/it\/\" rel=\"noopener noreferrer\" target=\"_blank\"><strong>NETFLIX<\/strong><\/a>, <a href=\"https:\/\/www.bricofer.it\/\" rel=\"noopener noreferrer\" target=\"_blank\"><strong>BRICOFER<\/strong><\/a>, <strong>KPMG<\/strong>, <strong>SMART<\/strong>, <strong>CATLEYA<\/strong>, <strong>GAELLE PARIS<\/strong>, <strong>LEFFE<\/strong>, <strong>RON PERLA DEL NORTE<\/strong>, etc. \u00e8 la testimonianza tangibile di quello che siamo in grado di realizzare.<\/div>\n<div class=\"one_half parallax_scroll_image last\" style=\"width:50%;\"><\/div>\n<p><br class=\"clear\"\/><\/div>\n<\/div>\n<\/div>\n<\/div>\n<div  class=\"one ppb_card_two_cols_with_image\" style=\"position:relative;padding:0px 0 0px 0;\" >\n<div class=\"standard_wrapper\">\n<div class=\"page_content_wrapper\">\n<div class=\"inner\">\n<div class=\"one_half parallax_scroll\" style=\"width:50%;position:absolute;left:90px;padding:0px;z-index:2;block !important;background:#fff;\" data-stellar-ratio=\"1.3\">\n<h2 class=\"ppb_title\" ><span class=\"ppb_title_first\" >Eventi<\/span>Aziendali<\/h2>\n<div class=\"page_header_sep left\" ><\/div>\n<p>La nostra esperienza nell\u2019organizzazione di eventi aziendali, parte da una cena per poche persone per arrivare all\u2019evento con 1500 invitati: la flessibilit\u00e0 della nostra location \u00e8 una delle caratteristiche che ha determinato il nostro successo. Oggi, Sublime-La Villa \u00e8 prima uno spazio per eventi aziendali e poi tutto il resto! I nostri uffici commerciali sono aperti tutti i giorni dal Luned\u00ec al Venerd\u00ec dalle 10 alle 19. Raccontaci qual \u00e8 lo scopo dell\u2019evento e a quale pubblico \u00e8 indirizzato, il nostro esperto ti consiglier\u00e0 la soluzione adatta, basandosi sulla esperienza che abbiamo maturato. Il nostro \u201cportfolio\u201d di clienti, molto diversi gli uni dagli altri, <a href=\"https:\/\/www.netflix.com\/it\/\" rel=\"noopener noreferrer\" target=\"_blank\"><strong>NETFLIX<\/strong><\/a>, <a href=\"https:\/\/www.bricofer.it\/\" rel=\"noopener noreferrer\" target=\"_blank\"><strong>BRICOFER<\/strong><\/a>, <strong>KPMG<\/strong>, <strong>SMART<\/strong>, <strong>CATLEYA<\/strong>, <strong>GAELLE PARIS<\/strong>, <strong>LEFFE<\/strong>, <strong>RON PERLA DEL NORTE<\/strong>, etc. \u00e8 la testimonianza tangibile di quello che siamo in grado di realizzare.<\/div>\n<div class=\"one_half parallax_scroll_image last\" style=\"width:50%;\"><\/div>\n<p><br class=\"clear\"\/><\/div>\n<\/div>\n<\/div>\n<\/div>\n<div  class=\"one ppb_card_two_cols_with_image\" style=\"position:relative;padding:0px 0 0px 0;\" >\n<div class=\"standard_wrapper\">\n<div class=\"page_content_wrapper\">\n<div class=\"inner\">\n<div class=\"one_half parallax_scroll\" style=\"width:50%;position:absolute;left:90px;padding:0px;z-index:2;block !important;background:#fff;\" data-stellar-ratio=\"1.3\">\n<h2 class=\"ppb_title\" ><span class=\"ppb_title_first\" >Eventi<\/span>Aziendali<\/h2>\n<div class=\"page_header_sep left\" ><\/div>\n<p>La nostra esperienza nell\u2019organizzazione di eventi aziendali, parte da una cena per poche persone per arrivare all\u2019evento con 1500 invitati: la flessibilit\u00e0 della nostra location \u00e8 una delle caratteristiche che ha determinato il nostro successo. Oggi, Sublime-La Villa \u00e8 prima uno spazio per eventi aziendali e poi tutto il resto! I nostri uffici commerciali sono aperti tutti i giorni dal Luned\u00ec al Venerd\u00ec dalle 10 alle 19. Raccontaci qual \u00e8 lo scopo dell\u2019evento e a quale pubblico \u00e8 indirizzato, il nostro esperto ti consiglier\u00e0 la soluzione adatta, basandosi sulla esperienza che abbiamo maturato. Il nostro \u201cportfolio\u201d di clienti, molto diversi gli uni dagli altri, <a href=\"https:\/\/www.netflix.com\/it\/\" rel=\"noopener noreferrer\" target=\"_blank\"><strong>NETFLIX<\/strong><\/a>, <a href=\"https:\/\/www.bricofer.it\/\" rel=\"noopener noreferrer\" target=\"_blank\"><strong>BRICOFER<\/strong><\/a>, <strong>KPMG<\/strong>, <strong>SMART<\/strong>, <strong>CATLEYA<\/strong>, <strong>GAELLE PARIS<\/strong>, <strong>LEFFE<\/strong>, <strong>RON PERLA DEL NORTE<\/strong>, etc. \u00e8 la testimonianza tangibile di quello che siamo in grado di realizzare.<\/div>\n<div class=\"one_half parallax_scroll_image last\" style=\"width:50%;\"><\/div>\n<p><br class=\"clear\"\/><\/div>\n<\/div>\n<\/div>\n<\/div>\n<div  class=\"one ppb_card_two_cols_with_image\" style=\"position:relative;padding:0px 0 0px 0;\" >\n<div class=\"standard_wrapper\">\n<div class=\"page_content_wrapper\">\n<div class=\"inner\">\n<div class=\"one_half parallax_scroll\" style=\"width:50%;position:absolute;left:90px;padding:0px;z-index:2;block !important;background:#fff;\" data-stellar-ratio=\"1.3\">\n<h2 class=\"ppb_title\" ><span class=\"ppb_title_first\" >Eventi<\/span>Aziendali<\/h2>\n<div class=\"page_header_sep left\" ><\/div>\n<p>La nostra esperienza nell\u2019organizzazione di eventi aziendali, parte da una cena per poche persone per arrivare all\u2019evento con 1500 invitati: la flessibilit\u00e0 della nostra location \u00e8 una delle caratteristiche che ha determinato il nostro successo. Oggi, Sublime-La Villa \u00e8 prima uno spazio per eventi aziendali e poi tutto il resto! I nostri uffici commerciali sono aperti tutti i giorni dal Luned\u00ec al Venerd\u00ec dalle 10 alle 19. Raccontaci qual \u00e8 lo scopo dell\u2019evento e a quale pubblico \u00e8 indirizzato, il nostro esperto ti consiglier\u00e0 la soluzione adatta, basandosi sulla esperienza che abbiamo maturato. Il nostro \u201cportfolio\u201d di clienti, molto diversi gli uni dagli altri, <a href=\"https:\/\/www.netflix.com\/it\/\" rel=\"noopener noreferrer\" target=\"_blank\"><strong>NETFLIX<\/strong><\/a>, <a href=\"https:\/\/www.bricofer.it\/\" rel=\"noopener noreferrer\" target=\"_blank\"><strong>BRICOFER<\/strong><\/a>, <strong>KPMG<\/strong>, <strong>SMART<\/strong>, <strong>CATLEYA<\/strong>, <strong>GAELLE PARIS<\/strong>, <strong>LEFFE<\/strong>, <strong>RON PERLA DEL NORTE<\/strong>, etc. \u00e8 la testimonianza tangibile di quello che siamo in grado di realizzare.<\/div>\n<div class=\"one_half parallax_scroll_image last\" style=\"width:50%;\"><\/div>\n<p><br class=\"clear\"\/><\/div>\n<\/div>\n<\/div>\n<\/div>\n<div class=\"standard_wrapper\">\n<div  class=\"one withsmallpadding\" style=\"padding:px 0 px 0;\" >\n<div class=\"page_content_wrapper\">\n<div class=\"inner\">\n<div class=\"inner_wrapper\">\n<div class=\"sidebar_content full_width nopadding\">\n<div class=\"sidebar_content right_sidebar page_content\">\n<h2 class=\"ppb_title\"><span class=\"ppb_title_first\" >Inviaci<\/span>un e-mail<\/h2>\n<div class=\"page_header_sep left\"><\/div>\n<div id=\"reponse_msg_1624108681870844087\" class=\"contact_form_response\">\n<ul><\/ul>\n<\/div>\n<form id=\"contact_form_1624108681870844087\" class=\"contact_form_wrapper\" method=\"post\" action=\"\/wp-admin\/admin-ajax.php\"><input type=\"hidden\" id=\"action\" name=\"action\" value=\"pp_contact_mailer\"\/><label for=\"your_name\">Nome*<\/label><br \/>\n    \t\t\t\t<input id=\"your_name\" name=\"your_name\" type=\"text\" class=\"required_field\" placeholder=\"Nome*\"\/><br \/>\n    \t\t\t\t<label for=\"email\">Email *<\/label><br \/>\n    \t\t\t\t<input id=\"email\" name=\"email\" type=\"text\" class=\"required_field email\" placeholder=\"Email *\"\/><br \/>\n    \t\t\t\t<label for=\"phone\">Telefono<\/label><br \/>\n    \t\t\t\t<input id=\"phone\" name=\"phone\" type=\"text\" placeholder=\"Telefono\"\/><br \/>\n    \t\t\t\t<label for=\"message\">Messaggio*<\/label><br \/>\n    \t\t\t\t<textarea id=\"message\" name=\"message\" rows=\"7\" cols=\"10\" class=\"required_field\" style=\"width:95.5%;\" placeholder=\"Messaggio*\"><\/textarea><\/p>\n<p><input id=\"gdpr\" name=\"gdpr\" type=\"checkbox\" class=\"required_field gdpr\" value=\"\"\/><br \/>\n\t    <label for=\"gdpr\" class=\"gdpr_label\">I consent to Sublime La villa collecting my details through this form.<\/label><\/p>\n<div class=\"contact_submit_wrapper\">\n    \t<input id=\"contact_submit_btn1624108681870844087\" name=\"contact_submit_btn1624108681870844087\" type=\"submit\" class=\"solidbg\" value=\"Invia\"\/>\n    <\/div>\n<\/form>\n<\/div>\n<div class=\"sidebar_wrapper right_sidebar\">\n<div class=\"sidebar\">\n<div class=\"content\">\n<ul class=\"sidebar_widget\"><\/ul>\n<\/div>\n<\/div>\n<\/div>\n<\/div>\n<\/div>\n<\/div>\n<\/div>\n<\/div>\n<\/div>\n","protected":false},"excerpt":{"rendered":"<p>EventiAziendali La nostra esperienza nell\u2019organizzazione di eventi aziendali, parte da una cena per poche persone per arrivare all\u2019evento con 1500 invitati: la flessibilit\u00e0 della nostra location \u00e8 una delle caratteristiche che ha determinato il nostro successo. Oggi, Sublime-La Villa \u00e8 [&hellip;]<\/p>\n","protected":false},"author":1,"featured_media":4323,"parent":0,"menu_order":0,"comment_status":"closed","ping_status":"closed","template":"","meta":[],"_links":{"self":[{"href":"https:\/\/sublime-lavilla.it\/index.php\/wp-json\/wp\/v2\/pages\/4316"}],"collection":[{"href":"https:\/\/sublime-lavilla.it\/index.php\/wp-json\/wp\/v2\/pages"}],"about":[{"href":"https:\/\/sublime-lavilla.it\/index.php\/wp-json\/wp\/v2\/types\/page"}],"author":[{"embeddable":true,"href":"https:\/\/sublime-lavilla.it\/index.php\/wp-json\/wp\/v2\/users\/1"}],"replies":[{"embeddable":true,"href":"https:\/\/sublime-lavilla.it\/index.php\/wp-json\/wp\/v2\/comments?post=4316"}],"version-history":[{"count":36,"href":"https:\/\/sublime-lavilla.it\/index.php\/wp-json\/wp\/v2\/pages\/4316\/revisions"}],"predecessor-version":[{"id":5001,"href":"https:\/\/sublime-lavilla.it\/index.php\/wp-json\/wp\/v2\/pages\/4316\/revisions\/5001"}],"wp:featuredmedia":[{"embeddable":true,"href":"https:\/\/sublime-lavilla.it\/index.php\/wp-json\/wp\/v2\/media\/4323"}],"wp:attachment":[{"href":"https:\/\/sublime-lavilla.it\/index.php\/wp-json\/wp\/v2\/media?parent=4316"}],"curies":[{"name":"wp","href":"https:\/\/api.w.org\/{rel}","templated":true}]}}